{"id":368,"date":"2021-11-17T15:47:23","date_gmt":"2021-11-17T15:47:23","guid":{"rendered":"https:\/\/crescents.me\/product\/genoa\/"},"modified":"2023-01-11T16:20:46","modified_gmt":"2023-01-12T00:20:46","slug":"genoa","status":"publish","type":"product","link":"https:\/\/crescents.me\/es\/producto\/genoa\/","title":{"rendered":"Genoa"},"content":{"rendered":"<p>Genoa es una fragancia suave y dulce que primero es floral y despues afrutado. Toma tus sentidos a trav\u00e9s de una transici\u00f3n maravillosamente c\u00e1lida a notas de pachul\u00ed y almizcle con un ambiente c\u00e1lido y en polvo que deja un aroma cremoso a medida que se seca en la piel.<\/p>","protected":false},"excerpt":{"rendered":"<p>Si by Giorgio Armani [&#8230;]<\/p>\n<p><a class=\"btn btn-secondary understrap-read-more-link\" href=\"https:\/\/crescents.me\/es\/producto\/genoa\/\">Leer m\u00e1s&#8230;<span class=\"screen-reader-text\"> from Genoa<\/span><\/a><\/p>","protected":false},"featured_media":572,"template":"","meta":{"om_disable_all_campaigns":false,"_uag_custom_page_level_css":"","more-info-inspired":""},"product_cat":[37],"product_tag":[],"product_gender":[110],"product_scent":[106,100,111],"product_scent_type":[97],"class_list":["post-368","product","type-product","status-publish","has-post-thumbnail","hentry","product_cat-perfumes","product_gender-female","product_scent-amber","product_scent-floral","product_scent-sweet","product_scent_type-inspired"],"acf":[],"aioseo_notices":[],"uagb_featured_image_src":{"full":["https:\/\/crescents.me\/wp-content\/uploads\/2021\/11\/Genoa_1069x1070.jpg",1069,1070,false],"thumbnail":["https:\/\/crescents.me\/wp-content\/uploads\/2021\/11\/Genoa_1069x1070-150x150.jpg",150,150,true],"medium":["https:\/\/crescents.me\/wp-content\/uploads\/2021\/11\/Genoa_1069x1070-300x300.jpg",300,300,true],"medium_large":["https:\/\/crescents.me\/wp-content\/uploads\/2021\/11\/Genoa_1069x1070-768x769.jpg",640,641,true],"large":["https:\/\/crescents.me\/wp-content\/uploads\/2021\/11\/Genoa_1069x1070-1024x1024.jpg",640,640,true],"1536x1536":["https:\/\/crescents.me\/wp-content\/uploads\/2021\/11\/Genoa_1069x1070.jpg",1069,1070,false],"2048x2048":["https:\/\/crescents.me\/wp-content\/uploads\/2021\/11\/Genoa_1069x1070.jpg",1069,1070,false],"trp-custom-language-flag":["https:\/\/crescents.me\/wp-content\/uploads\/2021\/11\/Genoa_1069x1070.jpg",12,12,false],"woocommerce_thumbnail":["https:\/\/crescents.me\/wp-content\/uploads\/2021\/11\/Genoa_1069x1070-300x300.jpg",300,300,true],"woocommerce_single":["https:\/\/crescents.me\/wp-content\/uploads\/2021\/11\/Genoa_1069x1070-600x601.jpg",600,601,true],"woocommerce_gallery_thumbnail":["https:\/\/crescents.me\/wp-content\/uploads\/2021\/11\/Genoa_1069x1070-100x100.jpg",100,100,true]},"uagb_author_info":{"display_name":"Sebastian Rodriguez","author_link":"https:\/\/crescents.me\/es\/author\/"},"uagb_comment_info":0,"uagb_excerpt":"Si by Giorgio Armani [...]Leer m\u00e1s... from Genoa","_links":{"self":[{"href":"https:\/\/crescents.me\/es\/wp-json\/wp\/v2\/product\/368","targetHints":{"allow":["GET"]}}],"collection":[{"href":"https:\/\/crescents.me\/es\/wp-json\/wp\/v2\/product"}],"about":[{"href":"https:\/\/crescents.me\/es\/wp-json\/wp\/v2\/types\/product"}],"wp:featuredmedia":[{"embeddable":true,"href":"https:\/\/crescents.me\/es\/wp-json\/wp\/v2\/media\/572"}],"wp:attachment":[{"href":"https:\/\/crescents.me\/es\/wp-json\/wp\/v2\/media?parent=368"}],"wp:term":[{"taxonomy":"product_cat","embeddable":true,"href":"https:\/\/crescents.me\/es\/wp-json\/wp\/v2\/product_cat?post=368"},{"taxonomy":"product_tag","embeddable":true,"href":"https:\/\/crescents.me\/es\/wp-json\/wp\/v2\/product_tag?post=368"},{"taxonomy":"product_gender","embeddable":true,"href":"https:\/\/crescents.me\/es\/wp-json\/wp\/v2\/product_gender?post=368"},{"taxonomy":"product_scent","embeddable":true,"href":"https:\/\/crescents.me\/es\/wp-json\/wp\/v2\/product_scent?post=368"},{"taxonomy":"product_scent_type","embeddable":true,"href":"https:\/\/crescents.me\/es\/wp-json\/wp\/v2\/product_scent_type?post=368"}],"curies":[{"name":"wp","href":"https:\/\/api.w.org\/{rel}","templated":true}]}}