{"id":365,"date":"2021-11-17T15:47:22","date_gmt":"2021-11-17T15:47:22","guid":{"rendered":"https:\/\/crescents.me\/product\/milan\/"},"modified":"2023-01-11T16:22:59","modified_gmt":"2023-01-12T00:22:59","slug":"milan","status":"publish","type":"product","link":"https:\/\/crescents.me\/es\/producto\/milan\/","title":{"rendered":"Milan"},"content":{"rendered":"<p>Mil\u00e1n es una fragancia floral con pedacitos limpios de mandarina y jengibre mezclados con sal, vainilla y jazm\u00edn seguido de una base de s\u00e1ndalo y \u00e1mbar.<\/p>","protected":false},"excerpt":{"rendered":"<p>Olympea by Paco Rabanne [&#8230;]<\/p>\n<p><a class=\"btn btn-secondary understrap-read-more-link\" href=\"https:\/\/crescents.me\/es\/producto\/milan\/\">Leer m\u00e1s&#8230;<span class=\"screen-reader-text\"> from Milan<\/span><\/a><\/p>","protected":false},"featured_media":593,"template":"","meta":{"om_disable_all_campaigns":false,"_uag_custom_page_level_css":"","more-info-inspired":""},"product_cat":[37],"product_tag":[],"product_gender":[110],"product_scent":[106,124,116,119,125,127,126],"product_scent_type":[97],"class_list":["post-365","product","type-product","status-publish","has-post-thumbnail","hentry","product_cat-perfumes","product_gender-female","product_scent-amber","product_scent-ginger","product_scent-green-mandarin","product_scent-jasmine","product_scent-salt","product_scent-sandalwood","product_scent-vanilla","product_scent_type-inspired"],"acf":[],"aioseo_notices":[],"uagb_featured_image_src":{"full":["https:\/\/crescents.me\/wp-content\/uploads\/2021\/11\/MianAlt5_832x832.jpg",832,832,false],"thumbnail":["https:\/\/crescents.me\/wp-content\/uploads\/2021\/11\/MianAlt5_832x832-150x150.jpg",150,150,true],"medium":["https:\/\/crescents.me\/wp-content\/uploads\/2021\/11\/MianAlt5_832x832-300x300.jpg",300,300,true],"medium_large":["https:\/\/crescents.me\/wp-content\/uploads\/2021\/11\/MianAlt5_832x832-768x768.jpg",640,640,true],"large":["https:\/\/crescents.me\/wp-content\/uploads\/2021\/11\/MianAlt5_832x832.jpg",640,640,false],"1536x1536":["https:\/\/crescents.me\/wp-content\/uploads\/2021\/11\/MianAlt5_832x832.jpg",832,832,false],"2048x2048":["https:\/\/crescents.me\/wp-content\/uploads\/2021\/11\/MianAlt5_832x832.jpg",832,832,false],"trp-custom-language-flag":["https:\/\/crescents.me\/wp-content\/uploads\/2021\/11\/MianAlt5_832x832.jpg",12,12,false],"woocommerce_thumbnail":["https:\/\/crescents.me\/wp-content\/uploads\/2021\/11\/MianAlt5_832x832-300x300.jpg",300,300,true],"woocommerce_single":["https:\/\/crescents.me\/wp-content\/uploads\/2021\/11\/MianAlt5_832x832-600x600.jpg",600,600,true],"woocommerce_gallery_thumbnail":["https:\/\/crescents.me\/wp-content\/uploads\/2021\/11\/MianAlt5_832x832-100x100.jpg",100,100,true]},"uagb_author_info":{"display_name":"Sebastian Rodriguez","author_link":"https:\/\/crescents.me\/es\/author\/"},"uagb_comment_info":0,"uagb_excerpt":"Olympea by Paco Rabanne [...]Leer m\u00e1s... from Milan","_links":{"self":[{"href":"https:\/\/crescents.me\/es\/wp-json\/wp\/v2\/product\/365","targetHints":{"allow":["GET"]}}],"collection":[{"href":"https:\/\/crescents.me\/es\/wp-json\/wp\/v2\/product"}],"about":[{"href":"https:\/\/crescents.me\/es\/wp-json\/wp\/v2\/types\/product"}],"wp:featuredmedia":[{"embeddable":true,"href":"https:\/\/crescents.me\/es\/wp-json\/wp\/v2\/media\/593"}],"wp:attachment":[{"href":"https:\/\/crescents.me\/es\/wp-json\/wp\/v2\/media?parent=365"}],"wp:term":[{"taxonomy":"product_cat","embeddable":true,"href":"https:\/\/crescents.me\/es\/wp-json\/wp\/v2\/product_cat?post=365"},{"taxonomy":"product_tag","embeddable":true,"href":"https:\/\/crescents.me\/es\/wp-json\/wp\/v2\/product_tag?post=365"},{"taxonomy":"product_gender","embeddable":true,"href":"https:\/\/crescents.me\/es\/wp-json\/wp\/v2\/product_gender?post=365"},{"taxonomy":"product_scent","embeddable":true,"href":"https:\/\/crescents.me\/es\/wp-json\/wp\/v2\/product_scent?post=365"},{"taxonomy":"product_scent_type","embeddable":true,"href":"https:\/\/crescents.me\/es\/wp-json\/wp\/v2\/product_scent_type?post=365"}],"curies":[{"name":"wp","href":"https:\/\/api.w.org\/{rel}","templated":true}]}}